{"id":151,"date":"2020-03-22T13:06:51","date_gmt":"2020-03-22T13:06:51","guid":{"rendered":"http:\/\/hausvogt-gatti.de\/?page_id=151"},"modified":"2020-03-22T13:06:51","modified_gmt":"2020-03-22T13:06:51","slug":"anreise","status":"publish","type":"page","link":"https:\/\/hausvogt-gatti.de\/?page_id=151","title":{"rendered":"Anreise"},"content":{"rendered":"\n<figure class=\"wp-block-image size-large\"><img decoding=\"async\" loading=\"lazy\" width=\"294\" height=\"307\" src=\"https:\/\/hausvogt-gatti.de\/wp-content\/uploads\/2020\/03\/plan.gif\" alt=\"\" class=\"wp-image-115\"\/><\/figure>\n\n\n\n<p><strong>Anreise mit dem Auto:<\/strong><br>M\u00fchlenweg 1<br>79868 Feldberg-Altglash\u00fctten<br><br><strong>Anreise mit dem Zug:<br><\/strong>Von Freiburg im Breisgau verkehrt st\u00fcndlich ein Zug nach Altglash\u00fctten. Fahrtzeit: Ca. 30 Minuten. Die Bahnstation liegt nur 500m entfernt vom G\u00e4stehaus. Wir holen Sie gerne ab.<\/p>\n","protected":false},"excerpt":{"rendered":"<p>Anreise mit dem Auto:M\u00fchlenweg 179868 Feldberg-Altglash\u00fctten Anreise mit dem Zug:Von Freiburg im Breisgau verkehrt st\u00fcndlich ein Zug nach Altglash\u00fctten. Fahrtzeit: Ca. 30 Minuten. Die Bahnstation liegt nur 500m entfernt vom G\u00e4stehaus. Wir holen Sie gerne ab.<\/p>\n","protected":false},"author":1,"featured_media":0,"parent":0,"menu_order":0,"comment_status":"closed","ping_status":"closed","template":"","meta":[],"_links":{"self":[{"href":"https:\/\/hausvogt-gatti.de\/index.php?rest_route=\/wp\/v2\/pages\/151"}],"collection":[{"href":"https:\/\/hausvogt-gatti.de\/index.php?rest_route=\/wp\/v2\/pages"}],"about":[{"href":"https:\/\/hausvogt-gatti.de\/index.php?rest_route=\/wp\/v2\/types\/page"}],"author":[{"embeddable":true,"href":"https:\/\/hausvogt-gatti.de\/index.php?rest_route=\/wp\/v2\/users\/1"}],"replies":[{"embeddable":true,"href":"https:\/\/hausvogt-gatti.de\/index.php?rest_route=%2Fwp%2Fv2%2Fcomments&post=151"}],"version-history":[{"count":1,"href":"https:\/\/hausvogt-gatti.de\/index.php?rest_route=\/wp\/v2\/pages\/151\/revisions"}],"predecessor-version":[{"id":152,"href":"https:\/\/hausvogt-gatti.de\/index.php?rest_route=\/wp\/v2\/pages\/151\/revisions\/152"}],"wp:attachment":[{"href":"https:\/\/hausvogt-gatti.de\/index.php?rest_route=%2Fwp%2Fv2%2Fmedia&parent=151"}],"curies":[{"name":"wp","href":"https:\/\/api.w.org\/{rel}","templated":true}]}}