{"id":153,"date":"2020-03-22T13:07:15","date_gmt":"2020-03-22T13:07:15","guid":{"rendered":"http:\/\/hausvogt-gatti.de\/?page_id=153"},"modified":"2020-03-24T13:09:32","modified_gmt":"2020-03-24T13:09:32","slug":"ausfluege","status":"publish","type":"page","link":"https:\/\/hausvogt-gatti.de\/?page_id=153","title":{"rendered":"Ausfl\u00fcge"},"content":{"rendered":"\n<p>Zu Fu\u00df, mit dem Rad, mit dem Zug oder mit dem Auto &#8211; Der Schwarzwald liegt Ihnen zu F\u00fc\u00dfen:<\/p>\n\n\n\n<div class=\"is-layout-flex wp-container-4 wp-block-columns\">\n<div class=\"is-layout-flow wp-block-column\">\n<p>Altglash\u00fctten <br><strong>Glasbl\u00e4serei<\/strong><br>10min Fahrtzeit<br><br>Erichs <strong>Schnapsh\u00e4usle<\/strong><br>10min Fahrtzeit<br><br>Schluchsee &#8211; <strong>Aqua Fun<\/strong><br>Freibad<br>15min Fahrt<br><br>Hinterzarten<br><strong>Skimuseum<\/strong><br>20min Fahrt<br><br>Stadt <strong>Freiburg<\/strong><br>40min Fahrt<br><br><strong>Triberger Wasserf\u00e4lle<br><\/strong>H\u00f6chster Wasserfall Deutschlands<br>1h Fahrt<br><br><strong>Erdmannsh\u00f6hle Hasel<br><\/strong>Tropfsteinh\u00f6hle<br>1h Fahrt<br><br><\/p>\n<\/div>\n\n\n\n<div class=\"is-layout-flow wp-block-column\">\n<p><strong>Vogtsbauernh\u00f6fe<\/strong><br>Freilichtmuseum<br>1h Fahrt<br><br><strong>Insel Mainau<br><\/strong>Bodensee<br>1.5h Fahrt<br><br><strong>Europapark Rust<br><\/strong>Freizeitpark<br>1.5h Fahrt<br><br><strong>Kaiserstuhl &#8211; Tuniberg<br><\/strong>Wein- und Obstanbau<br>1h Fahrt<br><br><strong>Schniederlihof<\/strong><br>Bauernhausmuseum<br>40min Fahrt<br><br><strong>Furtwangen<\/strong><br>Deutsches Uhrenmuseum<br>30min Fahrt<\/p>\n<\/div>\n\n\n\n<div class=\"is-layout-flow wp-block-column\">\n<p><strong>Vogelpark Wiesental<br><\/strong>Freizeitpark<br>1.5h Fahrt<br><br><strong>Berg-Wild-Park Steinwasen<br><\/strong>Natur- und Freizeitpark<br>40min Fahrt<br><br><strong>Hasenhornsessellift Todtnau<br><\/strong>Wandergebiet<br>30min Fahrt<br><br>Breisach<br><strong>Badischer Winzerkeller <br><\/strong>Kellerf\u00fchrung und Weinprobe<br>1h Fahrt<br><br><strong>Teufelsgrund<\/strong><br>Historisches Silberbergwerk<br>1h Fahrt<br><br><\/p>\n<\/div>\n<\/div>\n\n\n\n<p>Fragen Sie uns &#8211; Wir helfen Ihnen gerne !<\/p>\n\n\n\n<p><\/p>\n\n\n\n<p><\/p>\n","protected":false},"excerpt":{"rendered":"<p>Zu Fu\u00df, mit dem Rad, mit dem Zug oder mit dem Auto &#8211; Der Schwarzwald liegt Ihnen zu F\u00fc\u00dfen: Altglash\u00fctten Glasbl\u00e4serei10min Fahrtzeit Erichs Schnapsh\u00e4usle10min Fahrtzeit Schluchsee &#8211; Aqua FunFreibad15min Fahrt HinterzartenSkimuseum20min Fahrt Stadt Freiburg40min Fahrt Triberger Wasserf\u00e4lleH\u00f6chster Wasserfall Deutschlands1h Fahrt Erdmannsh\u00f6hle HaselTropfsteinh\u00f6hle1h Fahrt Vogtsbauernh\u00f6feFreilichtmuseum1h Fahrt Insel MainauBodensee1.5h Fahrt Europapark RustFreizeitpark1.5h Fahrt Kaiserstuhl &#8211; TunibergWein- und &hellip;<\/p>\n","protected":false},"author":1,"featured_media":0,"parent":0,"menu_order":0,"comment_status":"closed","ping_status":"closed","template":"","meta":[],"_links":{"self":[{"href":"https:\/\/hausvogt-gatti.de\/index.php?rest_route=\/wp\/v2\/pages\/153"}],"collection":[{"href":"https:\/\/hausvogt-gatti.de\/index.php?rest_route=\/wp\/v2\/pages"}],"about":[{"href":"https:\/\/hausvogt-gatti.de\/index.php?rest_route=\/wp\/v2\/types\/page"}],"author":[{"embeddable":true,"href":"https:\/\/hausvogt-gatti.de\/index.php?rest_route=\/wp\/v2\/users\/1"}],"replies":[{"embeddable":true,"href":"https:\/\/hausvogt-gatti.de\/index.php?rest_route=%2Fwp%2Fv2%2Fcomments&post=153"}],"version-history":[{"count":2,"href":"https:\/\/hausvogt-gatti.de\/index.php?rest_route=\/wp\/v2\/pages\/153\/revisions"}],"predecessor-version":[{"id":190,"href":"https:\/\/hausvogt-gatti.de\/index.php?rest_route=\/wp\/v2\/pages\/153\/revisions\/190"}],"wp:attachment":[{"href":"https:\/\/hausvogt-gatti.de\/index.php?rest_route=%2Fwp%2Fv2%2Fmedia&parent=153"}],"curies":[{"name":"wp","href":"https:\/\/api.w.org\/{rel}","templated":true}]}}